{"id":13061,"date":"2024-05-22T03:53:21","date_gmt":"2024-05-22T03:53:21","guid":{"rendered":"https:\/\/medicen.peacefulqode.co.in\/?page_id=14"},"modified":"2026-04-27T20:29:27","modified_gmt":"2026-04-28T01:29:27","slug":"home-1","status":"publish","type":"page","link":"https:\/\/camilocarmona.com\/","title":{"rendered":"Home 1"},"content":{"rendered":"\t\t<div data-elementor-type=\"wp-page\" data-elementor-id=\"13061\" class=\"elementor elementor-13061\">\n\t\t\t\t\t\t<div class=\"elementor-section elementor-top-section elementor-element elementor-element-6424b75 elementor-section-full_width elementor-section-stretched elementor-section-height-default elementor-section-height-default\" data-id=\"6424b75\" data-element_type=\"section\" data-e-type=\"section\" data-settings=\"{&quot;stretch_section&quot;:&quot;section-stretched&quot;,&quot;background_background&quot;:&quot;classic&quot;}\">\n\t\t\t\t\t\t\t<div class=\"elementor-background-overlay\"><\/div>\n\t\t\t\t\t\t\t<div class=\"elementor-container elementor-column-gap-default\">\n\t\t\t\t\t<div class=\"elementor-column elementor-col-100 elementor-top-column elementor-element elementor-element-83f676d\" data-id=\"83f676d\" data-element_type=\"column\" data-e-type=\"column\">\n\t\t\t<div class=\"elementor-widget-wrap elementor-element-populated\">\n\t\t\t\t\t\t<div class=\"elementor-section elementor-inner-section elementor-element elementor-element-b39c60a elementor-section-content-middle elementor-section-boxed elementor-section-height-default elementor-section-height-default\" data-id=\"b39c60a\" data-element_type=\"section\" data-e-type=\"section\">\n\t\t\t\t\t\t<div class=\"elementor-container elementor-column-gap-default\">\n\t\t\t\t\t<div class=\"elementor-column elementor-col-50 elementor-inner-column elementor-element elementor-element-1880b45\" data-id=\"1880b45\" data-element_type=\"column\" data-e-type=\"column\">\n\t\t\t<div class=\"elementor-widget-wrap elementor-element-populated\">\n\t\t\t\t\t\t<div class=\"elementor-element elementor-element-13aae3a elementor-widget elementor-widget-text-editor\" data-id=\"13aae3a\" data-element_type=\"widget\" data-e-type=\"widget\" data-widget_type=\"text-editor.default\">\n\t\t\t\t\t\t\t\t\t<p>Bienvenidos<\/p>\t\t\t\t\t\t\t\t<\/div>\n\t\t\t\t<div class=\"elementor-element elementor-element-f44d8ca elementor-widget__width-initial elementor-widget elementor-widget-section-title\" data-id=\"f44d8ca\" data-element_type=\"widget\" data-e-type=\"widget\" data-widget_type=\"section-title.default\">\n\t\t\t\t<div class=\"elementor-widget-container\">\n\t\t\t\t\t<div class=\"pt-section-title\">\r\n\t<a href=\"#\"><h2 data-splitting class=\"pt-main-section-title\"  >Especialista en Ginecolog\u00eda <br> Oncol\u00f3gica en Colombia               <\/h2><\/a><\/div>\t\t\t\t<\/div>\n\t\t\t\t<\/div>\n\t\t\t\t\t<\/div>\n\t\t<\/div>\n\t\t\t\t<div class=\"elementor-column elementor-col-50 elementor-inner-column elementor-element elementor-element-04c0f87\" data-id=\"04c0f87\" data-element_type=\"column\" data-e-type=\"column\">\n\t\t\t<div class=\"elementor-widget-wrap elementor-element-populated\">\n\t\t\t\t\t\t<div class=\"elementor-element elementor-element-2b6c0f6 elementor-widget elementor-widget-text-editor\" data-id=\"2b6c0f6\" data-element_type=\"widget\" data-e-type=\"widget\" data-widget_type=\"text-editor.default\">\n\t\t\t\t\t\t\t\t\t<p>Soy especialista en Ginecolog\u00eda Oncol\u00f3gica. Mi labor se fundamenta en valores como el respeto, la seguridad y la idoneidad. Dedico el tiempo necesario a cada paciente, brindando una atenci\u00f3n cercana y una orientaci\u00f3n clara para acompa\u00f1ar cada proceso con compromiso y humanidad.<\/p>\t\t\t\t\t\t\t\t<\/div>\n\t\t\t\t\t<\/div>\n\t\t<\/div>\n\t\t\t\t\t<\/div>\n\t\t<\/div>\n\t\t\t\t<div class=\"elementor-section elementor-inner-section elementor-element elementor-element-d678546 elementor-section-content-middle elementor-section-boxed elementor-section-height-default elementor-section-height-default\" data-id=\"d678546\" data-element_type=\"section\" data-e-type=\"section\">\n\t\t\t\t\t\t<div class=\"elementor-container elementor-column-gap-default\">\n\t\t\t\t\t<div class=\"elementor-column elementor-col-100 elementor-inner-column elementor-element elementor-element-73abf12\" data-id=\"73abf12\" data-element_type=\"column\" data-e-type=\"column\">\n\t\t\t<div class=\"elementor-widget-wrap elementor-element-populated\">\n\t\t\t\t\t\t<div class=\"elementor-element elementor-element-6df159c elementor-widget elementor-widget-image_wow_effect\" data-id=\"6df159c\" data-element_type=\"widget\" data-e-type=\"widget\" data-widget_type=\"image_wow_effect.default\">\n\t\t\t\t<div class=\"elementor-widget-container\">\n\t\t\t\t\t    <div class=\"pt-image-effect wow img-ptkey-top\" data-wow-duration=\"1s\">\r\n        <img decoding=\"async\" src=\"http:\/\/camilocarmona.com\/wp-content\/uploads\/2026\/04\/DSC_3088_01.jpg\" alt=\"\">\r\n    <\/div>\r\n    \r\n\r\n\t\t\t\t<\/div>\n\t\t\t\t<\/div>\n\t\t\t\t\t<\/div>\n\t\t<\/div>\n\t\t\t\t\t<\/div>\n\t\t<\/div>\n\t\t\t\t\t<\/div>\n\t\t<\/div>\n\t\t\t\t\t<\/div>\n\t\t<\/div>\n\t\t\t\t<div class=\"elementor-section elementor-top-section elementor-element elementor-element-c2bd124 elementor-section-full_width elementor-section-stretched elementor-section-height-default elementor-section-height-default\" data-id=\"c2bd124\" data-element_type=\"section\" data-e-type=\"section\" data-settings=\"{&quot;stretch_section&quot;:&quot;section-stretched&quot;}\">\n\t\t\t\t\t\t<div class=\"elementor-container elementor-column-gap-default\">\n\t\t\t\t\t<div class=\"elementor-column elementor-col-100 elementor-top-column elementor-element elementor-element-2a838c7\" data-id=\"2a838c7\" data-element_type=\"column\" data-e-type=\"column\">\n\t\t\t<div class=\"elementor-widget-wrap\">\n\t\t\t\t\t\t\t<\/div>\n\t\t<\/div>\n\t\t\t\t\t<\/div>\n\t\t<\/div>\n\t\t\t\t<\/div>\n\t\t","protected":false},"excerpt":{"rendered":"<p>Bienvenidos Especialista en Ginecolog\u00eda Oncol\u00f3gica en Colombia Soy especialista en Ginecolog\u00eda Oncol\u00f3gica. Mi labor se fundamenta en valores como el respeto, la seguridad y la idoneidad. Dedico el tiempo necesario a cada paciente, brindando una atenci\u00f3n cercana y una orientaci\u00f3n clara para acompa\u00f1ar cada proceso con compromiso y humanidad.<\/p>\n","protected":false},"author":1,"featured_media":0,"parent":0,"menu_order":0,"comment_status":"closed","ping_status":"closed","template":"","meta":{"_acf_changed":false,"_monsterinsights_skip_tracking":false,"_monsterinsights_sitenote_active":false,"_monsterinsights_sitenote_note":"","_monsterinsights_sitenote_category":0,"footnotes":""},"class_list":["post-13061","page","type-page","status-publish","hentry"],"acf":[],"aioseo_notices":[],"_links":{"self":[{"href":"https:\/\/camilocarmona.com\/index.php\/wp-json\/wp\/v2\/pages\/13061","targetHints":{"allow":["GET"]}}],"collection":[{"href":"https:\/\/camilocarmona.com\/index.php\/wp-json\/wp\/v2\/pages"}],"about":[{"href":"https:\/\/camilocarmona.com\/index.php\/wp-json\/wp\/v2\/types\/page"}],"author":[{"embeddable":true,"href":"https:\/\/camilocarmona.com\/index.php\/wp-json\/wp\/v2\/users\/1"}],"replies":[{"embeddable":true,"href":"https:\/\/camilocarmona.com\/index.php\/wp-json\/wp\/v2\/comments?post=13061"}],"version-history":[{"count":11,"href":"https:\/\/camilocarmona.com\/index.php\/wp-json\/wp\/v2\/pages\/13061\/revisions"}],"predecessor-version":[{"id":13148,"href":"https:\/\/camilocarmona.com\/index.php\/wp-json\/wp\/v2\/pages\/13061\/revisions\/13148"}],"wp:attachment":[{"href":"https:\/\/camilocarmona.com\/index.php\/wp-json\/wp\/v2\/media?parent=13061"}],"curies":[{"name":"wp","href":"https:\/\/api.w.org\/{rel}","templated":true}]}}